{"id":2333,"date":"2024-12-12T16:37:11","date_gmt":"2024-12-12T16:37:11","guid":{"rendered":"https:\/\/laboralista.pe\/?page_id=2333"},"modified":"2024-12-12T16:56:06","modified_gmt":"2024-12-12T16:56:06","slug":"aviso-legal","status":"publish","type":"page","link":"https:\/\/laboralista.pe\/en\/aviso-legal\/","title":{"rendered":"Aviso Legal"},"content":{"rendered":"<p data-pm-slice=\"1 1 []\"><strong>Aviso Legal<\/strong><\/p>\n<p data-pm-slice=\"1 1 []\">Fecha de entrada en vigor: 20 de noviembre de 2024<\/p>\n<p>El contenido de este sitio web, <strong>Laboralista Per\u00fa<\/strong> (laboralista.pe), tiene como objetivo proporcionar informaci\u00f3n general sobre temas legales relacionados con el derecho laboral en Per\u00fa y Europa. No constituye asesor\u00eda legal.<\/p>\n<h3>Exenci\u00f3n de Garant\u00edas<\/h3>\n<p>El sitio se proporciona \u00abtal cual\u00bb sin garant\u00edas de ning\u00fan tipo. No garantizamos que el contenido sea exacto, completo o actualizado.<\/p>\n<h3>Enlaces a Terceros<\/h3>\n<p>Nuestro sitio puede contener enlaces a sitios de terceros. No nos hacemos responsables del contenido o las pol\u00edticas de privacidad de esos sitios.<\/p>\n<h3>Contacto<\/h3>\n<p>Si tiene alguna pregunta sobre este aviso, cont\u00e1ctenos en <a>c.arriola@laboralista.pe<\/a>.<\/p>","protected":false},"excerpt":{"rendered":"<p>Aviso Legal Fecha de entrada en vigor: 20 de noviembre de 2024 El contenido de este sitio web, Laboralista Per\u00fa [&hellip;]<\/p>\n","protected":false},"author":3,"featured_media":0,"parent":0,"menu_order":0,"comment_status":"closed","ping_status":"closed","template":"elementor_header_footer","meta":{"_monsterinsights_skip_tracking":false,"_monsterinsights_sitenote_active":false,"_monsterinsights_sitenote_note":"","_monsterinsights_sitenote_category":0,"site-sidebar-layout":"default","site-content-layout":"","ast-site-content-layout":"default","site-content-style":"default","site-sidebar-style":"default","ast-global-header-display":"","ast-banner-title-visibility":"","ast-main-header-display":"","ast-hfb-above-header-display":"","ast-hfb-below-header-display":"","ast-hfb-mobile-header-display":"","site-post-title":"","ast-breadcrumbs-content":"","ast-featured-img":"","footer-sml-layout":"","theme-transparent-header-meta":"default","adv-header-id-meta":"","stick-header-meta":"","header-above-stick-meta":"","header-main-stick-meta":"","header-below-stick-meta":"","astra-migrate-meta-layouts":"set","ast-page-background-enabled":"default","ast-page-background-meta":{"desktop":{"background-color":"var(--ast-global-color-4)","background-image":"","background-repeat":"repeat","background-position":"center center","background-size":"auto","background-attachment":"scroll","background-type":"","background-media":"","overlay-type":"","overlay-color":"","overlay-opacity":"","overlay-gradient":""},"tablet":{"background-color":"","background-image":"","background-repeat":"repeat","background-position":"center center","background-size":"auto","background-attachment":"scroll","background-type":"","background-media":"","overlay-type":"","overlay-color":"","overlay-opacity":"","overlay-gradient":""},"mobile":{"background-color":"","background-image":"","background-repeat":"repeat","background-position":"center center","background-size":"auto","background-attachment":"scroll","background-type":"","background-media":"","overlay-type":"","overlay-color":"","overlay-opacity":"","overlay-gradient":""}},"ast-content-background-meta":{"desktop":{"background-color":"var(--ast-global-color-5)","background-image":"","background-repeat":"repeat","background-position":"center center","background-size":"auto","background-attachment":"scroll","background-type":"","background-media":"","overlay-type":"","overlay-color":"","overlay-opacity":"","overlay-gradient":""},"tablet":{"background-color":"var(--ast-global-color-5)","background-image":"","background-repeat":"repeat","background-position":"center center","background-size":"auto","background-attachment":"scroll","background-type":"","background-media":"","overlay-type":"","overlay-color":"","overlay-opacity":"","overlay-gradient":""},"mobile":{"background-color":"var(--ast-global-color-5)","background-image":"","background-repeat":"repeat","background-position":"center center","background-size":"auto","background-attachment":"scroll","background-type":"","background-media":"","overlay-type":"","overlay-color":"","overlay-opacity":"","overlay-gradient":""}},"footnotes":""},"class_list":["post-2333","page","type-page","status-publish","hentry"],"yoast_head":"<!-- This site is optimized with the Yoast SEO plugin v26.9 - https:\/\/yoast.com\/product\/yoast-seo-wordpress\/ -->\n<title>Aviso Legal - Laboralista Peru<\/title>\n<meta name=\"robots\" content=\"index, follow, max-snippet:-1, max-image-preview:large, max-video-preview:-1\" \/>\n<link rel=\"canonical\" href=\"https:\/\/laboralista.pe\/en\/aviso-legal\/\" \/>\n<meta property=\"og:locale\" content=\"en_GB\" \/>\n<meta property=\"og:type\" content=\"article\" \/>\n<meta property=\"og:title\" content=\"Aviso Legal - Laboralista Peru\" \/>\n<meta property=\"og:description\" content=\"Aviso Legal Fecha de entrada en vigor: 20 de noviembre de 2024 El contenido de este sitio web, Laboralista Per\u00fa [&hellip;]\" \/>\n<meta property=\"og:url\" content=\"https:\/\/laboralista.pe\/en\/aviso-legal\/\" \/>\n<meta property=\"og:site_name\" content=\"Laboralista Peru\" \/>\n<meta property=\"article:modified_time\" content=\"2024-12-12T16:56:06+00:00\" \/>\n<meta name=\"twitter:card\" content=\"summary_large_image\" \/>\n<meta name=\"twitter:label1\" content=\"Estimated reading time\" \/>\n\t<meta name=\"twitter:data1\" content=\"1 minute\" \/>\n<script type=\"application\/ld+json\" class=\"yoast-schema-graph\">{\"@context\":\"https:\/\/schema.org\",\"@graph\":[{\"@type\":\"WebPage\",\"@id\":\"https:\/\/laboralista.pe\/aviso-legal\/\",\"url\":\"https:\/\/laboralista.pe\/aviso-legal\/\",\"name\":\"Aviso Legal - Laboralista Peru\",\"isPartOf\":{\"@id\":\"https:\/\/laboralista.pe\/#website\"},\"datePublished\":\"2024-12-12T16:37:11+00:00\",\"dateModified\":\"2024-12-12T16:56:06+00:00\",\"breadcrumb\":{\"@id\":\"https:\/\/laboralista.pe\/aviso-legal\/#breadcrumb\"},\"inLanguage\":\"en-GB\",\"potentialAction\":[{\"@type\":\"ReadAction\",\"target\":[\"https:\/\/laboralista.pe\/aviso-legal\/\"]}]},{\"@type\":\"BreadcrumbList\",\"@id\":\"https:\/\/laboralista.pe\/aviso-legal\/#breadcrumb\",\"itemListElement\":[{\"@type\":\"ListItem\",\"position\":1,\"name\":\"Home\",\"item\":\"https:\/\/laboralista.pe\/\"},{\"@type\":\"ListItem\",\"position\":2,\"name\":\"Aviso Legal\"}]},{\"@type\":\"WebSite\",\"@id\":\"https:\/\/laboralista.pe\/#website\",\"url\":\"https:\/\/laboralista.pe\/\",\"name\":\"Laboralista Peru\",\"description\":\"Servicios De Consultoria Integral en Derecho\",\"publisher\":{\"@id\":\"https:\/\/laboralista.pe\/#organization\"},\"potentialAction\":[{\"@type\":\"SearchAction\",\"target\":{\"@type\":\"EntryPoint\",\"urlTemplate\":\"https:\/\/laboralista.pe\/?s={search_term_string}\"},\"query-input\":{\"@type\":\"PropertyValueSpecification\",\"valueRequired\":true,\"valueName\":\"search_term_string\"}}],\"inLanguage\":\"en-GB\"},{\"@type\":\"Organization\",\"@id\":\"https:\/\/laboralista.pe\/#organization\",\"name\":\"Laboralista Peru\",\"url\":\"https:\/\/laboralista.pe\/\",\"logo\":{\"@type\":\"ImageObject\",\"inLanguage\":\"en-GB\",\"@id\":\"https:\/\/laboralista.pe\/#\/schema\/logo\/image\/\",\"url\":\"\",\"contentUrl\":\"\",\"caption\":\"Laboralista Peru\"},\"image\":{\"@id\":\"https:\/\/laboralista.pe\/#\/schema\/logo\/image\/\"}}]}<\/script>\n<!-- \/ Yoast SEO plugin. -->","yoast_head_json":{"title":"Aviso Legal - Laboralista Peru","robots":{"index":"index","follow":"follow","max-snippet":"max-snippet:-1","max-image-preview":"max-image-preview:large","max-video-preview":"max-video-preview:-1"},"canonical":"https:\/\/laboralista.pe\/en\/aviso-legal\/","og_locale":"en_GB","og_type":"article","og_title":"Aviso Legal - Laboralista Peru","og_description":"Aviso Legal Fecha de entrada en vigor: 20 de noviembre de 2024 El contenido de este sitio web, Laboralista Per\u00fa [&hellip;]","og_url":"https:\/\/laboralista.pe\/en\/aviso-legal\/","og_site_name":"Laboralista Peru","article_modified_time":"2024-12-12T16:56:06+00:00","twitter_card":"summary_large_image","twitter_misc":{"Estimated reading time":"1 minute"},"schema":{"@context":"https:\/\/schema.org","@graph":[{"@type":"WebPage","@id":"https:\/\/laboralista.pe\/aviso-legal\/","url":"https:\/\/laboralista.pe\/aviso-legal\/","name":"Aviso Legal - Laboralista Peru","isPartOf":{"@id":"https:\/\/laboralista.pe\/#website"},"datePublished":"2024-12-12T16:37:11+00:00","dateModified":"2024-12-12T16:56:06+00:00","breadcrumb":{"@id":"https:\/\/laboralista.pe\/aviso-legal\/#breadcrumb"},"inLanguage":"en-GB","potentialAction":[{"@type":"ReadAction","target":["https:\/\/laboralista.pe\/aviso-legal\/"]}]},{"@type":"BreadcrumbList","@id":"https:\/\/laboralista.pe\/aviso-legal\/#breadcrumb","itemListElement":[{"@type":"ListItem","position":1,"name":"Home","item":"https:\/\/laboralista.pe\/"},{"@type":"ListItem","position":2,"name":"Aviso Legal"}]},{"@type":"WebSite","@id":"https:\/\/laboralista.pe\/#website","url":"https:\/\/laboralista.pe\/","name":"Laboralista Peru","description":"Servicios De Consultoria Integral en Derecho","publisher":{"@id":"https:\/\/laboralista.pe\/#organization"},"potentialAction":[{"@type":"SearchAction","target":{"@type":"EntryPoint","urlTemplate":"https:\/\/laboralista.pe\/?s={search_term_string}"},"query-input":{"@type":"PropertyValueSpecification","valueRequired":true,"valueName":"search_term_string"}}],"inLanguage":"en-GB"},{"@type":"Organization","@id":"https:\/\/laboralista.pe\/#organization","name":"Laboralista Peru","url":"https:\/\/laboralista.pe\/","logo":{"@type":"ImageObject","inLanguage":"en-GB","@id":"https:\/\/laboralista.pe\/#\/schema\/logo\/image\/","url":"","contentUrl":"","caption":"Laboralista Peru"},"image":{"@id":"https:\/\/laboralista.pe\/#\/schema\/logo\/image\/"}}]}},"_links":{"self":[{"href":"https:\/\/laboralista.pe\/en\/wp-json\/wp\/v2\/pages\/2333","targetHints":{"allow":["GET"]}}],"collection":[{"href":"https:\/\/laboralista.pe\/en\/wp-json\/wp\/v2\/pages"}],"about":[{"href":"https:\/\/laboralista.pe\/en\/wp-json\/wp\/v2\/types\/page"}],"author":[{"embeddable":true,"href":"https:\/\/laboralista.pe\/en\/wp-json\/wp\/v2\/users\/3"}],"replies":[{"embeddable":true,"href":"https:\/\/laboralista.pe\/en\/wp-json\/wp\/v2\/comments?post=2333"}],"version-history":[{"count":2,"href":"https:\/\/laboralista.pe\/en\/wp-json\/wp\/v2\/pages\/2333\/revisions"}],"predecessor-version":[{"id":2347,"href":"https:\/\/laboralista.pe\/en\/wp-json\/wp\/v2\/pages\/2333\/revisions\/2347"}],"wp:attachment":[{"href":"https:\/\/laboralista.pe\/en\/wp-json\/wp\/v2\/media?parent=2333"}],"curies":[{"name":"wp","href":"https:\/\/api.w.org\/{rel}","templated":true}]}}