{"id":2329,"date":"2024-12-12T16:34:14","date_gmt":"2024-12-12T16:34:14","guid":{"rendered":"https:\/\/laboralista.pe\/?page_id=2329"},"modified":"2024-12-12T16:34:14","modified_gmt":"2024-12-12T16:34:14","slug":"terminos-y-condiciones","status":"publish","type":"page","link":"https:\/\/laboralista.pe\/en\/terminos-y-condiciones\/","title":{"rendered":"Terms &amp; Conditions"},"content":{"rendered":"<p data-pm-slice=\"1 1 []\"><strong>Terms &amp; Conditions<\/strong><\/p>\n<p>Fecha de entrada en vigor: 20 de noviembre de 2024<\/p>\n<p>Estos T\u00e9rminos y Condiciones regulan el uso de nuestro sitio web, <strong>Laboralista Per\u00fa<\/strong> (laboralista.pe). Al acceder o utilizar nuestro sitio, usted acepta cumplir con estos t\u00e9rminos.<\/p>\n<h3>Uso del Sitio<\/h3>\n<ul data-spread=\"false\">\n<li>El contenido de este sitio es solo para informaci\u00f3n general y no constituye asesor\u00eda legal.<\/li>\n<li>No se permite el uso del contenido para fines comerciales sin nuestro consentimiento previo.<\/li>\n<\/ul>\n<h3>Limitaci\u00f3n de Responsabilidad<\/h3>\n<p>No seremos responsables por da\u00f1os indirectos, incidentales o p\u00e9rdidas derivadas del uso de nuestro sitio web.<\/p>\n<h3>Propiedad Intelectual<\/h3>\n<p>Todos los derechos de propiedad intelectual relacionados con el contenido del sitio son propiedad exclusiva de Laboralista Per\u00fa.<\/p>\n<h3>Modificaciones<\/h3>\n<p>Podemos actualizar estos t\u00e9rminos en cualquier momento. Los cambios ser\u00e1n efectivos una vez publicados en el sitio.<\/p>","protected":false},"excerpt":{"rendered":"<p>T\u00e9rminos y Condiciones Fecha de entrada en vigor: 20 de noviembre de 2024 Estos T\u00e9rminos y Condiciones regulan el uso [&hellip;]<\/p>\n","protected":false},"author":3,"featured_media":0,"parent":0,"menu_order":0,"comment_status":"closed","ping_status":"closed","template":"elementor_header_footer","meta":{"_monsterinsights_skip_tracking":false,"_monsterinsights_sitenote_active":false,"_monsterinsights_sitenote_note":"","_monsterinsights_sitenote_category":0,"site-sidebar-layout":"default","site-content-layout":"","ast-site-content-layout":"default","site-content-style":"default","site-sidebar-style":"default","ast-global-header-display":"","ast-banner-title-visibility":"","ast-main-header-display":"","ast-hfb-above-header-display":"","ast-hfb-below-header-display":"","ast-hfb-mobile-header-display":"","site-post-title":"","ast-breadcrumbs-content":"","ast-featured-img":"","footer-sml-layout":"","theme-transparent-header-meta":"default","adv-header-id-meta":"","stick-header-meta":"","header-above-stick-meta":"","header-main-stick-meta":"","header-below-stick-meta":"","astra-migrate-meta-layouts":"set","ast-page-background-enabled":"default","ast-page-background-meta":{"desktop":{"background-color":"var(--ast-global-color-4)","background-image":"","background-repeat":"repeat","background-position":"center center","background-size":"auto","background-attachment":"scroll","background-type":"","background-media":"","overlay-type":"","overlay-color":"","overlay-opacity":"","overlay-gradient":""},"tablet":{"background-color":"","background-image":"","background-repeat":"repeat","background-position":"center center","background-size":"auto","background-attachment":"scroll","background-type":"","background-media":"","overlay-type":"","overlay-color":"","overlay-opacity":"","overlay-gradient":""},"mobile":{"background-color":"","background-image":"","background-repeat":"repeat","background-position":"center center","background-size":"auto","background-attachment":"scroll","background-type":"","background-media":"","overlay-type":"","overlay-color":"","overlay-opacity":"","overlay-gradient":""}},"ast-content-background-meta":{"desktop":{"background-color":"var(--ast-global-color-5)","background-image":"","background-repeat":"repeat","background-position":"center center","background-size":"auto","background-attachment":"scroll","background-type":"","background-media":"","overlay-type":"","overlay-color":"","overlay-opacity":"","overlay-gradient":""},"tablet":{"background-color":"var(--ast-global-color-5)","background-image":"","background-repeat":"repeat","background-position":"center center","background-size":"auto","background-attachment":"scroll","background-type":"","background-media":"","overlay-type":"","overlay-color":"","overlay-opacity":"","overlay-gradient":""},"mobile":{"background-color":"var(--ast-global-color-5)","background-image":"","background-repeat":"repeat","background-position":"center center","background-size":"auto","background-attachment":"scroll","background-type":"","background-media":"","overlay-type":"","overlay-color":"","overlay-opacity":"","overlay-gradient":""}},"footnotes":""},"class_list":["post-2329","page","type-page","status-publish","hentry"],"yoast_head":"<!-- This site is optimized with the Yoast SEO plugin v26.9 - https:\/\/yoast.com\/product\/yoast-seo-wordpress\/ -->\n<title>T\u00e9rminos y Condiciones - Laboralista Peru<\/title>\n<meta name=\"robots\" content=\"index, follow, max-snippet:-1, max-image-preview:large, max-video-preview:-1\" \/>\n<link rel=\"canonical\" href=\"https:\/\/laboralista.pe\/en\/terminos-y-condiciones\/\" \/>\n<meta property=\"og:locale\" content=\"en_GB\" \/>\n<meta property=\"og:type\" content=\"article\" \/>\n<meta property=\"og:title\" content=\"T\u00e9rminos y Condiciones - Laboralista Peru\" \/>\n<meta property=\"og:description\" content=\"T\u00e9rminos y Condiciones Fecha de entrada en vigor: 20 de noviembre de 2024 Estos T\u00e9rminos y Condiciones regulan el uso [&hellip;]\" \/>\n<meta property=\"og:url\" content=\"https:\/\/laboralista.pe\/en\/terminos-y-condiciones\/\" \/>\n<meta property=\"og:site_name\" content=\"Laboralista Peru\" \/>\n<meta name=\"twitter:card\" content=\"summary_large_image\" \/>\n<meta name=\"twitter:label1\" content=\"Estimated reading time\" \/>\n\t<meta name=\"twitter:data1\" content=\"1 minute\" \/>\n<script type=\"application\/ld+json\" class=\"yoast-schema-graph\">{\"@context\":\"https:\/\/schema.org\",\"@graph\":[{\"@type\":\"WebPage\",\"@id\":\"https:\/\/laboralista.pe\/terminos-y-condiciones\/\",\"url\":\"https:\/\/laboralista.pe\/terminos-y-condiciones\/\",\"name\":\"T\u00e9rminos y Condiciones - Laboralista Peru\",\"isPartOf\":{\"@id\":\"https:\/\/laboralista.pe\/#website\"},\"datePublished\":\"2024-12-12T16:34:14+00:00\",\"breadcrumb\":{\"@id\":\"https:\/\/laboralista.pe\/terminos-y-condiciones\/#breadcrumb\"},\"inLanguage\":\"en-GB\",\"potentialAction\":[{\"@type\":\"ReadAction\",\"target\":[\"https:\/\/laboralista.pe\/terminos-y-condiciones\/\"]}]},{\"@type\":\"BreadcrumbList\",\"@id\":\"https:\/\/laboralista.pe\/terminos-y-condiciones\/#breadcrumb\",\"itemListElement\":[{\"@type\":\"ListItem\",\"position\":1,\"name\":\"Home\",\"item\":\"https:\/\/laboralista.pe\/\"},{\"@type\":\"ListItem\",\"position\":2,\"name\":\"T\u00e9rminos y Condiciones\"}]},{\"@type\":\"WebSite\",\"@id\":\"https:\/\/laboralista.pe\/#website\",\"url\":\"https:\/\/laboralista.pe\/\",\"name\":\"Laboralista Peru\",\"description\":\"Servicios De Consultoria Integral en Derecho\",\"publisher\":{\"@id\":\"https:\/\/laboralista.pe\/#organization\"},\"potentialAction\":[{\"@type\":\"SearchAction\",\"target\":{\"@type\":\"EntryPoint\",\"urlTemplate\":\"https:\/\/laboralista.pe\/?s={search_term_string}\"},\"query-input\":{\"@type\":\"PropertyValueSpecification\",\"valueRequired\":true,\"valueName\":\"search_term_string\"}}],\"inLanguage\":\"en-GB\"},{\"@type\":\"Organization\",\"@id\":\"https:\/\/laboralista.pe\/#organization\",\"name\":\"Laboralista Peru\",\"url\":\"https:\/\/laboralista.pe\/\",\"logo\":{\"@type\":\"ImageObject\",\"inLanguage\":\"en-GB\",\"@id\":\"https:\/\/laboralista.pe\/#\/schema\/logo\/image\/\",\"url\":\"\",\"contentUrl\":\"\",\"caption\":\"Laboralista Peru\"},\"image\":{\"@id\":\"https:\/\/laboralista.pe\/#\/schema\/logo\/image\/\"}}]}<\/script>\n<!-- \/ Yoast SEO plugin. -->","yoast_head_json":{"title":"T\u00e9rminos y Condiciones - Laboralista Peru","robots":{"index":"index","follow":"follow","max-snippet":"max-snippet:-1","max-image-preview":"max-image-preview:large","max-video-preview":"max-video-preview:-1"},"canonical":"https:\/\/laboralista.pe\/en\/terminos-y-condiciones\/","og_locale":"en_GB","og_type":"article","og_title":"T\u00e9rminos y Condiciones - Laboralista Peru","og_description":"T\u00e9rminos y Condiciones Fecha de entrada en vigor: 20 de noviembre de 2024 Estos T\u00e9rminos y Condiciones regulan el uso [&hellip;]","og_url":"https:\/\/laboralista.pe\/en\/terminos-y-condiciones\/","og_site_name":"Laboralista Peru","twitter_card":"summary_large_image","twitter_misc":{"Estimated reading time":"1 minute"},"schema":{"@context":"https:\/\/schema.org","@graph":[{"@type":"WebPage","@id":"https:\/\/laboralista.pe\/terminos-y-condiciones\/","url":"https:\/\/laboralista.pe\/terminos-y-condiciones\/","name":"T\u00e9rminos y Condiciones - Laboralista Peru","isPartOf":{"@id":"https:\/\/laboralista.pe\/#website"},"datePublished":"2024-12-12T16:34:14+00:00","breadcrumb":{"@id":"https:\/\/laboralista.pe\/terminos-y-condiciones\/#breadcrumb"},"inLanguage":"en-GB","potentialAction":[{"@type":"ReadAction","target":["https:\/\/laboralista.pe\/terminos-y-condiciones\/"]}]},{"@type":"BreadcrumbList","@id":"https:\/\/laboralista.pe\/terminos-y-condiciones\/#breadcrumb","itemListElement":[{"@type":"ListItem","position":1,"name":"Home","item":"https:\/\/laboralista.pe\/"},{"@type":"ListItem","position":2,"name":"T\u00e9rminos y Condiciones"}]},{"@type":"WebSite","@id":"https:\/\/laboralista.pe\/#website","url":"https:\/\/laboralista.pe\/","name":"Laboralista Peru","description":"Servicios De Consultoria Integral en Derecho","publisher":{"@id":"https:\/\/laboralista.pe\/#organization"},"potentialAction":[{"@type":"SearchAction","target":{"@type":"EntryPoint","urlTemplate":"https:\/\/laboralista.pe\/?s={search_term_string}"},"query-input":{"@type":"PropertyValueSpecification","valueRequired":true,"valueName":"search_term_string"}}],"inLanguage":"en-GB"},{"@type":"Organization","@id":"https:\/\/laboralista.pe\/#organization","name":"Laboralista Peru","url":"https:\/\/laboralista.pe\/","logo":{"@type":"ImageObject","inLanguage":"en-GB","@id":"https:\/\/laboralista.pe\/#\/schema\/logo\/image\/","url":"","contentUrl":"","caption":"Laboralista Peru"},"image":{"@id":"https:\/\/laboralista.pe\/#\/schema\/logo\/image\/"}}]}},"_links":{"self":[{"href":"https:\/\/laboralista.pe\/en\/wp-json\/wp\/v2\/pages\/2329","targetHints":{"allow":["GET"]}}],"collection":[{"href":"https:\/\/laboralista.pe\/en\/wp-json\/wp\/v2\/pages"}],"about":[{"href":"https:\/\/laboralista.pe\/en\/wp-json\/wp\/v2\/types\/page"}],"author":[{"embeddable":true,"href":"https:\/\/laboralista.pe\/en\/wp-json\/wp\/v2\/users\/3"}],"replies":[{"embeddable":true,"href":"https:\/\/laboralista.pe\/en\/wp-json\/wp\/v2\/comments?post=2329"}],"version-history":[{"count":1,"href":"https:\/\/laboralista.pe\/en\/wp-json\/wp\/v2\/pages\/2329\/revisions"}],"predecessor-version":[{"id":2330,"href":"https:\/\/laboralista.pe\/en\/wp-json\/wp\/v2\/pages\/2329\/revisions\/2330"}],"wp:attachment":[{"href":"https:\/\/laboralista.pe\/en\/wp-json\/wp\/v2\/media?parent=2329"}],"curies":[{"name":"wp","href":"https:\/\/api.w.org\/{rel}","templated":true}]}}